{"id":90,"date":"2023-09-04T16:51:51","date_gmt":"2023-09-04T16:51:51","guid":{"rendered":"https:\/\/seomagnetik.azurewebsites.net\/?page_id=90"},"modified":"2023-09-04T17:06:20","modified_gmt":"2023-09-04T17:06:20","slug":"terminos-y-condiciones","status":"publish","type":"page","link":"https:\/\/seomagnetik.com\/pt\/terminos-y-condiciones\/","title":{"rendered":"Termos e Condi\u00e7\u00f5es"},"content":{"rendered":"<div data-elementor-type=\"wp-page\" data-elementor-id=\"90\" class=\"elementor elementor-90\">\n\t\t\t\t\t\t<section class=\"elementor-section elementor-top-section elementor-element elementor-element-2c5ad438 elementor-section-full_width elementor-section-height-default elementor-section-height-default\" data-id=\"2c5ad438\" data-element_type=\"section\" data-e-type=\"section\" id=\"next\" data-settings=\"{&quot;background_background&quot;:&quot;classic&quot;}\">\n\t\t\t\t\t\t<div class=\"elementor-container elementor-column-gap-no\">\n\t\t\t\t\t<div class=\"elementor-column elementor-col-100 elementor-top-column elementor-element elementor-element-d3d58ad\" data-id=\"d3d58ad\" data-element_type=\"column\" data-e-type=\"column\">\n\t\t\t<div class=\"elementor-widget-wrap elementor-element-populated\">\n\t\t\t\t\t\t<div class=\"elementor-element elementor-element-2b1f680b elementor-widget elementor-widget-heading\" data-id=\"2b1f680b\" data-element_type=\"widget\" data-e-type=\"widget\" data-widget_type=\"heading.default\">\n\t\t\t\t<div class=\"elementor-widget-container\">\n\t\t\t\t\t<h1 class=\"elementor-heading-title elementor-size-default\">Termos e Condi\u00e7\u00f5es<\/h1>\t\t\t\t<\/div>\n\t\t\t\t<\/div>\n\t\t\t\t<div class=\"elementor-element elementor-element-75d976f3 elementor-widget elementor-widget-heading\" data-id=\"75d976f3\" data-element_type=\"widget\" data-e-type=\"widget\" data-widget_type=\"heading.default\">\n\t\t\t\t<div class=\"elementor-widget-container\">\n\t\t\t\t\t<p class=\"elementor-heading-title elementor-size-default\">Termos de servi\u00e7o e termos legais da SEOMagnetik, uma empresa da Dijit Labs<\/p>\t\t\t\t<\/div>\n\t\t\t\t<\/div>\n\t\t\t\t<div class=\"elementor-element elementor-element-12aa353 elementor-widget elementor-widget-heading\" data-id=\"12aa353\" data-element_type=\"widget\" data-e-type=\"widget\" data-widget_type=\"heading.default\">\n\t\t\t\t<div class=\"elementor-widget-container\">\n\t\t\t\t\t<h2 class=\"elementor-heading-title elementor-size-default\">TERMOS E CONDI\u00c7\u00d5ES DE SERVI\u00c7O<\/h2>\t\t\t\t<\/div>\n\t\t\t\t<\/div>\n\t\t\t\t<div class=\"elementor-element elementor-element-d109726 elementor-widget elementor-widget-heading\" data-id=\"d109726\" data-element_type=\"widget\" data-e-type=\"widget\" data-widget_type=\"heading.default\">\n\t\t\t\t<div class=\"elementor-widget-container\">\n\t\t\t\t\t<h3 class=\"elementor-heading-title elementor-size-default\">1. INTRODU\u00c7\u00c3O<\/h3>\t\t\t\t<\/div>\n\t\t\t\t<\/div>\n\t\t\t\t<div class=\"elementor-element elementor-element-58b04b8 elementor-widget elementor-widget-text-editor\" data-id=\"58b04b8\" data-element_type=\"widget\" data-e-type=\"widget\" data-widget_type=\"text-editor.default\">\n\t\t\t\t<div class=\"elementor-widget-container\">\n\t\t\t\t\t\t\t\t\t<div class=\"ms-List-cell\" role=\"listitem\" data-list-index=\"3\" data-automationid=\"ListCell\"><div class=\"ms-Stack container-446\" data-is-focusable=\"true\"><div class=\"ms-Stack ai-456\" aria-atomic=\"true\"><div class=\"ms-StackItem content-449\"><div><div class=\"bubbleContent-441\"><div><p>Estes Termos e Condi\u00e7\u00f5es de Servi\u00e7o (&quot;Termos&quot;) regem o uso dos servi\u00e7os (&quot;Servi\u00e7os&quot;) fornecidos pela DIJIT LABS \u00d6U (&quot;a Empresa&quot;), uma sociedade de responsabilidade limitada com n\u00famero de registro 16602801 e n\u00famero de IVA EE102603648, com endere\u00e7o em Harju maakond, Tallinn, Lasnam\u00e4e linnaosa, Sepapaja tn 6, 15551, especializado em web design, SEO, publicidade digital paga, gerenciamento de m\u00eddia social, cria\u00e7\u00e3o de conte\u00fado e muito mais.<\/p><\/div><\/div><\/div><\/div><\/div><\/div><\/div>\t\t\t\t\t\t\t\t<\/div>\n\t\t\t\t<\/div>\n\t\t\t\t<div class=\"elementor-element elementor-element-36908b8 elementor-widget elementor-widget-text-editor\" data-id=\"36908b8\" data-element_type=\"widget\" data-e-type=\"widget\" data-widget_type=\"text-editor.default\">\n\t\t\t\t<div class=\"elementor-widget-container\">\n\t\t\t\t\t\t\t\t\t<p>Ao contratar nossos Servi\u00e7os, voc\u00ea aceita e concorda em cumprir estes Termos. Se voc\u00ea n\u00e3o concordar com estes Termos, voc\u00ea n\u00e3o dever\u00e1 usar nossos Servi\u00e7os.<\/p>\t\t\t\t\t\t\t\t<\/div>\n\t\t\t\t<\/div>\n\t\t\t\t<div class=\"elementor-element elementor-element-5d792fc elementor-widget elementor-widget-heading\" data-id=\"5d792fc\" data-element_type=\"widget\" data-e-type=\"widget\" data-widget_type=\"heading.default\">\n\t\t\t\t<div class=\"elementor-widget-container\">\n\t\t\t\t\t<h3 class=\"elementor-heading-title elementor-size-default\">2. SERVI\u00c7OS<\/h3>\t\t\t\t<\/div>\n\t\t\t\t<\/div>\n\t\t\t\t<div class=\"elementor-element elementor-element-56f11fb elementor-widget elementor-widget-text-editor\" data-id=\"56f11fb\" data-element_type=\"widget\" data-e-type=\"widget\" data-widget_type=\"text-editor.default\">\n\t\t\t\t<div class=\"elementor-widget-container\">\n\t\t\t\t\t\t\t\t\t<p>A DIJIT LABS \u00d6U fornecer\u00e1 os Servi\u00e7os conforme acordado na proposta de servi\u00e7o ou contrato assinado por ambas as partes. Os Servi\u00e7os podem incluir, entre outros, web design, SEO, publicidade digital paga, gerenciamento de m\u00eddia social, cria\u00e7\u00e3o de conte\u00fado e muito mais.<\/p>\t\t\t\t\t\t\t\t<\/div>\n\t\t\t\t<\/div>\n\t\t\t\t<div class=\"elementor-element elementor-element-1efcc51 elementor-widget elementor-widget-heading\" data-id=\"1efcc51\" data-element_type=\"widget\" data-e-type=\"widget\" data-widget_type=\"heading.default\">\n\t\t\t\t<div class=\"elementor-widget-container\">\n\t\t\t\t\t<h3 class=\"elementor-heading-title elementor-size-default\">3. PAGAMENTO<\/h3>\t\t\t\t<\/div>\n\t\t\t\t<\/div>\n\t\t\t\t<div class=\"elementor-element elementor-element-e87dec7 elementor-widget elementor-widget-text-editor\" data-id=\"e87dec7\" data-element_type=\"widget\" data-e-type=\"widget\" data-widget_type=\"text-editor.default\">\n\t\t\t\t<div class=\"elementor-widget-container\">\n\t\t\t\t\t\t\t\t\t<p>O pagamento pelos Servi\u00e7os ser\u00e1 feito antecipadamente, salvo indica\u00e7\u00e3o em contr\u00e1rio no contrato de servi\u00e7o. Todos os pagamentos dever\u00e3o ser efetuados na moeda acordada e dentro dos prazos estabelecidos no contrato de servi\u00e7o.<\/p>\t\t\t\t\t\t\t\t<\/div>\n\t\t\t\t<\/div>\n\t\t\t\t<div class=\"elementor-element elementor-element-0665038 elementor-widget elementor-widget-heading\" data-id=\"0665038\" data-element_type=\"widget\" data-e-type=\"widget\" data-widget_type=\"heading.default\">\n\t\t\t\t<div class=\"elementor-widget-container\">\n\t\t\t\t\t<h3 class=\"elementor-heading-title elementor-size-default\">4. PRIVACIDADE E PROTE\u00c7\u00c3O DE DADOS<\/h3>\t\t\t\t<\/div>\n\t\t\t\t<\/div>\n\t\t\t\t<div class=\"elementor-element elementor-element-4ed9728 elementor-widget elementor-widget-text-editor\" data-id=\"4ed9728\" data-element_type=\"widget\" data-e-type=\"widget\" data-widget_type=\"text-editor.default\">\n\t\t\t\t<div class=\"elementor-widget-container\">\n\t\t\t\t\t\t\t\t\t<p>DIJIT LABS \u00d6U cumpre todas as leis e regulamentos de privacidade e prote\u00e7\u00e3o de dados da Uni\u00e3o Europeia. Para mais informa\u00e7\u00f5es sobre como tratamos os seus dados pessoais, consulte a nossa Pol\u00edtica de Privacidade.<\/p>\t\t\t\t\t\t\t\t<\/div>\n\t\t\t\t<\/div>\n\t\t\t\t<div class=\"elementor-element elementor-element-b0f14b7 elementor-widget elementor-widget-heading\" data-id=\"b0f14b7\" data-element_type=\"widget\" data-e-type=\"widget\" data-widget_type=\"heading.default\">\n\t\t\t\t<div class=\"elementor-widget-container\">\n\t\t\t\t\t<h3 class=\"elementor-heading-title elementor-size-default\">5. RESCIS\u00c3O<\/h3>\t\t\t\t<\/div>\n\t\t\t\t<\/div>\n\t\t\t\t<div class=\"elementor-element elementor-element-922f31f elementor-widget elementor-widget-text-editor\" data-id=\"922f31f\" data-element_type=\"widget\" data-e-type=\"widget\" data-widget_type=\"text-editor.default\">\n\t\t\t\t<div class=\"elementor-widget-container\">\n\t\t\t\t\t\t\t\t\t<p>Caso o usu\u00e1rio ou cliente n\u00e3o cumpra o disposto nestes Termos e Condi\u00e7\u00f5es de servi\u00e7o, a DIJIT LABS \u00d6U reserva-se o direito de encerrar o seu acesso aos Servi\u00e7os a qualquer momento, com justa causa e com aviso pr\u00e9vio.<\/p>\t\t\t\t\t\t\t\t<\/div>\n\t\t\t\t<\/div>\n\t\t\t\t<div class=\"elementor-element elementor-element-83ca48c elementor-widget elementor-widget-heading\" data-id=\"83ca48c\" data-element_type=\"widget\" data-e-type=\"widget\" data-widget_type=\"heading.default\">\n\t\t\t\t<div class=\"elementor-widget-container\">\n\t\t\t\t\t<h3 class=\"elementor-heading-title elementor-size-default\">6. MODIFICA\u00c7\u00d5ES NOS TERMOS<\/h3>\t\t\t\t<\/div>\n\t\t\t\t<\/div>\n\t\t\t\t<div class=\"elementor-element elementor-element-b24ff97 elementor-widget elementor-widget-text-editor\" data-id=\"b24ff97\" data-element_type=\"widget\" data-e-type=\"widget\" data-widget_type=\"text-editor.default\">\n\t\t\t\t<div class=\"elementor-widget-container\">\n\t\t\t\t\t\t\t\t\t<p>DIJIT LABS \u00d6U reserva-se o direito de modificar estes Termos a qualquer momento. As modifica\u00e7\u00f5es entrar\u00e3o em vigor imediatamente ap\u00f3s serem publicadas em nosso site.<\/p>\t\t\t\t\t\t\t\t<\/div>\n\t\t\t\t<\/div>\n\t\t\t\t<div class=\"elementor-element elementor-element-5f40f17 elementor-widget elementor-widget-heading\" data-id=\"5f40f17\" data-element_type=\"widget\" data-e-type=\"widget\" data-widget_type=\"heading.default\">\n\t\t\t\t<div class=\"elementor-widget-container\">\n\t\t\t\t\t<h3 class=\"elementor-heading-title elementor-size-default\">7. LEI APLIC\u00c1VEL<\/h3>\t\t\t\t<\/div>\n\t\t\t\t<\/div>\n\t\t\t\t<div class=\"elementor-element elementor-element-4e55a97 elementor-widget elementor-widget-text-editor\" data-id=\"4e55a97\" data-element_type=\"widget\" data-e-type=\"widget\" data-widget_type=\"text-editor.default\">\n\t\t\t\t<div class=\"elementor-widget-container\">\n\t\t\t\t\t\t\t\t\t<p>Estes Termos ser\u00e3o regidos e interpretados de acordo com as leis da Est\u00f4nia, independentemente de seu conflito de leis.<\/p>\t\t\t\t\t\t\t\t<\/div>\n\t\t\t\t<\/div>\n\t\t\t\t<div class=\"elementor-element elementor-element-009be5e elementor-widget elementor-widget-heading\" data-id=\"009be5e\" data-element_type=\"widget\" data-e-type=\"widget\" data-widget_type=\"heading.default\">\n\t\t\t\t<div class=\"elementor-widget-container\">\n\t\t\t\t\t<h3 class=\"elementor-heading-title elementor-size-default\">8. CONTATO<\/h3>\t\t\t\t<\/div>\n\t\t\t\t<\/div>\n\t\t\t\t<div class=\"elementor-element elementor-element-cdd003f elementor-widget elementor-widget-text-editor\" data-id=\"cdd003f\" data-element_type=\"widget\" data-e-type=\"widget\" data-widget_type=\"text-editor.default\">\n\t\t\t\t<div class=\"elementor-widget-container\">\n\t\t\t\t\t\t\t\t\t<p>Se voc\u00ea tiver alguma d\u00favida sobre estes Termos, entre em contato conosco pelo e-mail legal@dijit.app.<br \/><br \/>Ao utilizar nossos Servi\u00e7os, voc\u00ea reconhece que leu e compreendeu estes Termos e concorda em ficar vinculado a eles.<\/p>\t\t\t\t\t\t\t\t<\/div>\n\t\t\t\t<\/div>\n\t\t\t\t<div class=\"elementor-element elementor-element-c552164 elementor-widget elementor-widget-heading\" data-id=\"c552164\" data-element_type=\"widget\" data-e-type=\"widget\" data-widget_type=\"heading.default\">\n\t\t\t\t<div class=\"elementor-widget-container\">\n\t\t\t\t\t<h3 class=\"elementor-heading-title elementor-size-default\">9. PROPRIEDADE INTELECTUAL<\/h3>\t\t\t\t<\/div>\n\t\t\t\t<\/div>\n\t\t\t\t<div class=\"elementor-element elementor-element-c949997 elementor-widget elementor-widget-text-editor\" data-id=\"c949997\" data-element_type=\"widget\" data-e-type=\"widget\" data-widget_type=\"text-editor.default\">\n\t\t\t\t<div class=\"elementor-widget-container\">\n\t\t\t\t\t\t\t\t\t<p>Todos os direitos de propriedade intelectual dos Servi\u00e7os, incluindo, entre outros, todos os direitos autorais, marcas registradas, segredos comerciais, patentes e outros direitos de propriedade s\u00e3o propriedade da DIJIT LABS \u00d6U. Voc\u00ea n\u00e3o pode copiar, modificar, distribuir, vender ou alugar qualquer parte de nossos Servi\u00e7os sem nosso consentimento expresso por escrito.<\/p>\t\t\t\t\t\t\t\t<\/div>\n\t\t\t\t<\/div>\n\t\t\t\t<div class=\"elementor-element elementor-element-3c35c1d elementor-widget elementor-widget-heading\" data-id=\"3c35c1d\" data-element_type=\"widget\" data-e-type=\"widget\" data-widget_type=\"heading.default\">\n\t\t\t\t<div class=\"elementor-widget-container\">\n\t\t\t\t\t<h3 class=\"elementor-heading-title elementor-size-default\">10. INDENIZA\u00c7\u00c3O<\/h3>\t\t\t\t<\/div>\n\t\t\t\t<\/div>\n\t\t\t\t<div class=\"elementor-element elementor-element-d5069d0 elementor-widget elementor-widget-text-editor\" data-id=\"d5069d0\" data-element_type=\"widget\" data-e-type=\"widget\" data-widget_type=\"text-editor.default\">\n\t\t\t\t<div class=\"elementor-widget-container\">\n\t\t\t\t\t\t\t\t\t<p>Voc\u00ea concorda em indenizar e isentar a DIJIT LABS \u00d6U, seus diretores, funcion\u00e1rios e agentes, de e contra todas e quaisquer reivindica\u00e7\u00f5es, danos, obriga\u00e7\u00f5es, perdas, responsabilidades, custos ou d\u00edvidas e despesas (incluindo, mas n\u00e3o limitado a honor\u00e1rios advocat\u00edcios) decorrentes de: (i) seu uso e acesso aos Servi\u00e7os; (ii) sua viola\u00e7\u00e3o de qualquer termo destes Termos; (iii) sua viola\u00e7\u00e3o de qualquer direito de terceiros, incluindo, sem limita\u00e7\u00e3o, qualquer direito autoral, propriedade ou direito de privacidade; (iv) qualquer reclama\u00e7\u00e3o de que um de seus atos ou omiss\u00f5es tenha causado danos a terceiros<\/p>\t\t\t\t\t\t\t\t<\/div>\n\t\t\t\t<\/div>\n\t\t\t\t<div class=\"elementor-element elementor-element-59fa0c1 elementor-widget elementor-widget-heading\" data-id=\"59fa0c1\" data-element_type=\"widget\" data-e-type=\"widget\" data-widget_type=\"heading.default\">\n\t\t\t\t<div class=\"elementor-widget-container\">\n\t\t\t\t\t<h3 class=\"elementor-heading-title elementor-size-default\">11. LIMITA\u00c7\u00c3O DE RESPONSABILIDADE<\/h3>\t\t\t\t<\/div>\n\t\t\t\t<\/div>\n\t\t\t\t<div class=\"elementor-element elementor-element-6289731 elementor-widget elementor-widget-text-editor\" data-id=\"6289731\" data-element_type=\"widget\" data-e-type=\"widget\" data-widget_type=\"text-editor.default\">\n\t\t\t\t<div class=\"elementor-widget-container\">\n\t\t\t\t\t\t\t\t\t<p>Em nenhum caso a DIJIT LABS \u00d6U ser\u00e1 respons\u00e1vel por quaisquer danos diretos, indiretos, incidentais, especiais, consequenciais ou exemplares, incluindo, mas n\u00e3o se limitando a, danos por lucros cessantes, boa vontade, uso, dados ou outras perdas intang\u00edveis (mesmo que a DIJIT LABS A \u00d6U foi avisada da possibilidade de tais danos, resultantes da utiliza\u00e7\u00e3o ou incapacidade de utiliza\u00e7\u00e3o dos Servi\u00e7os.<\/p>\t\t\t\t\t\t\t\t<\/div>\n\t\t\t\t<\/div>\n\t\t\t\t<div class=\"elementor-element elementor-element-7ea95a4 elementor-widget elementor-widget-heading\" data-id=\"7ea95a4\" data-element_type=\"widget\" data-e-type=\"widget\" data-widget_type=\"heading.default\">\n\t\t\t\t<div class=\"elementor-widget-container\">\n\t\t\t\t\t<h3 class=\"elementor-heading-title elementor-size-default\">12. CONFIDENCIALIDADE<\/h3>\t\t\t\t<\/div>\n\t\t\t\t<\/div>\n\t\t\t\t<div class=\"elementor-element elementor-element-d971ab4 elementor-widget elementor-widget-text-editor\" data-id=\"d971ab4\" data-element_type=\"widget\" data-e-type=\"widget\" data-widget_type=\"text-editor.default\">\n\t\t\t\t<div class=\"elementor-widget-container\">\n\t\t\t\t\t\t\t\t\t<p>Todas as informa\u00e7\u00f5es que voc\u00ea fornecer ao DIJIT LABS \u00d6U ser\u00e3o tratadas como confidenciais. N\u00e3o divulgaremos nenhuma informa\u00e7\u00e3o confidencial a terceiros sem o seu consentimento expresso, a menos que exigido por lei.<\/p>\t\t\t\t\t\t\t\t<\/div>\n\t\t\t\t<\/div>\n\t\t\t\t<div class=\"elementor-element elementor-element-216a69a elementor-widget elementor-widget-heading\" data-id=\"216a69a\" data-element_type=\"widget\" data-e-type=\"widget\" data-widget_type=\"heading.default\">\n\t\t\t\t<div class=\"elementor-widget-container\">\n\t\t\t\t\t<h3 class=\"elementor-heading-title elementor-size-default\">13. DISPUTAS<\/h3>\t\t\t\t<\/div>\n\t\t\t\t<\/div>\n\t\t\t\t<div class=\"elementor-element elementor-element-ffb2531 elementor-widget elementor-widget-text-editor\" data-id=\"ffb2531\" data-element_type=\"widget\" data-e-type=\"widget\" data-widget_type=\"text-editor.default\">\n\t\t\t\t<div class=\"elementor-widget-container\">\n\t\t\t\t\t\t\t\t\t<p>Qualquer lit\u00edgio relacionado com estes Termos ser\u00e1 resolvido pelos tribunais da Est\u00f3nia.<\/p>\t\t\t\t\t\t\t\t<\/div>\n\t\t\t\t<\/div>\n\t\t\t\t<div class=\"elementor-element elementor-element-d17a339 elementor-widget elementor-widget-heading\" data-id=\"d17a339\" data-element_type=\"widget\" data-e-type=\"widget\" data-widget_type=\"heading.default\">\n\t\t\t\t<div class=\"elementor-widget-container\">\n\t\t\t\t\t<h3 class=\"elementor-heading-title elementor-size-default\">14. DIVERSOS<\/h3>\t\t\t\t<\/div>\n\t\t\t\t<\/div>\n\t\t\t\t<div class=\"elementor-element elementor-element-2a2d483 elementor-widget elementor-widget-text-editor\" data-id=\"2a2d483\" data-element_type=\"widget\" data-e-type=\"widget\" data-widget_type=\"text-editor.default\">\n\t\t\t\t<div class=\"elementor-widget-container\">\n\t\t\t\t\t\t\t\t\t<p>Estes Termos constituem o acordo integral entre voc\u00ea e a DIJIT LABS \u00d6U e regem o uso dos Servi\u00e7os, substituindo quaisquer acordos anteriores entre voc\u00ea e a DIJIT LABS \u00d6U. Se qualquer parte destes Termos for considerada inv\u00e1lida ou inexequ\u00edvel, essa parte ser\u00e1 interpretada de maneira consistente com a lei aplic\u00e1vel para refletir, tanto quanto poss\u00edvel, as inten\u00e7\u00f5es originais das partes, e as partes restantes permanecer\u00e3o em pleno vigor e efeito .<\/p>\t\t\t\t\t\t\t\t<\/div>\n\t\t\t\t<\/div>\n\t\t\t\t<div class=\"elementor-element elementor-element-a119c14 elementor-widget elementor-widget-text-editor\" data-id=\"a119c14\" data-element_type=\"widget\" data-e-type=\"widget\" data-widget_type=\"text-editor.default\">\n\t\t\t\t<div class=\"elementor-widget-container\">\n\t\t\t\t\t\t\t\t\t<p>Data da \u00faltima atualiza\u00e7\u00e3o: 1\u00ba de julho de 2023<\/p>\t\t\t\t\t\t\t\t<\/div>\n\t\t\t\t<\/div>\n\t\t\t\t<div class=\"elementor-element elementor-element-3d0ece5 elementor-widget elementor-widget-text-editor\" data-id=\"3d0ece5\" data-element_type=\"widget\" data-e-type=\"widget\" data-widget_type=\"text-editor.default\">\n\t\t\t\t<div class=\"elementor-widget-container\">\n\t\t\t\t\t\t\t\t\t<div id=\"chatGptChatRegion\" class=\"ms-StackItem css-365\" role=\"region\" aria-label=\"\u00c1rea de bate-papo\"><div class=\"container-366\" data-is-scrollable=\"true\"><div class=\"ms-List\" role=\"list\"><div class=\"ms-List-surface\" role=\"presentation\"><div class=\"ms-List-page\" role=\"presentation\"><div class=\"ms-List-cell\" role=\"listitem\" data-list-index=\"7\" data-automationid=\"ListCell\"><div class=\"ms-Stack container-446\" data-is-focusable=\"true\"><div class=\"ms-Stack ai-456\" aria-atomic=\"true\"><div class=\"ms-StackItem content-449\"><div><div class=\"bubbleContent-441\"><div><p>N\u00e3o hesite em nos contatar em legal@dijit.app se tiver alguma d\u00favida sobre estes Termos e Condi\u00e7\u00f5es de Servi\u00e7o.<\/p><\/div><\/div><\/div><\/div><\/div><\/div><\/div><\/div><\/div><\/div><\/div><\/div>\t\t\t\t\t\t\t\t<\/div>\n\t\t\t\t<\/div>\n\t\t\t\t\t<\/div>\n\t\t<\/div>\n\t\t\t\t\t<\/div>\n\t\t<\/section>\n\t\t\t\t<footer class=\"elementor-section elementor-top-section elementor-element elementor-element-7d9bf1c4 elementor-section-full_width elementor-section-content-middle elementor-section-height-default elementor-section-height-default\" data-id=\"7d9bf1c4\" data-element_type=\"section\" data-e-type=\"section\" data-settings=\"{&quot;background_background&quot;:&quot;classic&quot;}\">\n\t\t\t\t\t\t<div class=\"elementor-container elementor-column-gap-no\">\n\t\t\t\t\t<div class=\"elementor-column elementor-col-25 elementor-top-column elementor-element elementor-element-2dc7b27b\" data-id=\"2dc7b27b\" data-element_type=\"column\" data-e-type=\"column\">\n\t\t\t<div class=\"elementor-widget-wrap elementor-element-populated\">\n\t\t\t\t\t\t<div class=\"elementor-element elementor-element-6740c260 elementor-widget elementor-widget-image\" data-id=\"6740c260\" data-element_type=\"widget\" data-e-type=\"widget\" data-widget_type=\"image.default\">\n\t\t\t\t<div class=\"elementor-widget-container\">\n\t\t\t\t\t\t\t\t\t\t\t\t\t\t\t<img decoding=\"async\" src=\"https:\/\/seomagneti-c47ccb62327c78c32aba-endpoint.azureedge.net\/blobseomagneti36f7f8a907\/wp-content\/uploads\/2023\/06\/Captura-de-pantalla-2023-06-28-a-las-18.55.51.png\" title=\"\" alt=\"seo_organico_seomagnetik.com\" loading=\"lazy\" \/>\t\t\t\t\t\t\t\t\t\t\t\t\t\t\t<\/div>\n\t\t\t\t<\/div>\n\t\t\t\t\t<\/div>\n\t\t<\/div>\n\t\t\t\t<div class=\"elementor-column elementor-col-50 elementor-top-column elementor-element elementor-element-75859727\" data-id=\"75859727\" data-element_type=\"column\" data-e-type=\"column\">\n\t\t\t<div class=\"elementor-widget-wrap elementor-element-populated\">\n\t\t\t\t\t\t<div class=\"elementor-element elementor-element-65f1804f elementor-icon-list--layout-inline elementor-tablet-align-center elementor-align-center elementor-list-item-link-full_width elementor-widget elementor-widget-icon-list\" data-id=\"65f1804f\" data-element_type=\"widget\" data-e-type=\"widget\" data-widget_type=\"icon-list.default\">\n\t\t\t\t<div class=\"elementor-widget-container\">\n\t\t\t\t\t\t\t<ul class=\"elementor-icon-list-items elementor-inline-items\">\n\t\t\t\t\t\t\t<li class=\"elementor-icon-list-item elementor-inline-item\">\n\t\t\t\t\t\t\t\t\t\t<span class=\"elementor-icon-list-text\">+34-650585085<\/span>\n\t\t\t\t\t\t\t\t\t<\/li>\n\t\t\t\t\t\t\t\t<li class=\"elementor-icon-list-item elementor-inline-item\">\n\t\t\t\t\t\t\t\t\t\t<span class=\"elementor-icon-list-text\">Rua Ponzano 39, 28003, Madri<\/span>\n\t\t\t\t\t\t\t\t\t<\/li>\n\t\t\t\t\t\t\t\t<li class=\"elementor-icon-list-item elementor-inline-item\">\n\t\t\t\t\t\t\t\t\t\t<span class=\"elementor-icon-list-text\">Seg-Sex 9h00 - 19h00<\/span>\n\t\t\t\t\t\t\t\t\t<\/li>\n\t\t\t\t\t\t<\/ul>\n\t\t\t\t\t\t<\/div>\n\t\t\t\t<\/div>\n\t\t\t\t\t<\/div>\n\t\t<\/div>\n\t\t\t\t<div class=\"elementor-column elementor-col-25 elementor-top-column elementor-element elementor-element-73078707\" data-id=\"73078707\" data-element_type=\"column\" data-e-type=\"column\">\n\t\t\t<div class=\"elementor-widget-wrap elementor-element-populated\">\n\t\t\t\t\t\t<div class=\"elementor-element elementor-element-4b79375 elementor-widget elementor-widget-image\" data-id=\"4b79375\" data-element_type=\"widget\" data-e-type=\"widget\" data-widget_type=\"image.default\">\n\t\t\t\t<div class=\"elementor-widget-container\">\n\t\t\t\t\t\t\t\t\t\t\t\t\t\t\t<img decoding=\"async\" src=\"https:\/\/seomagneti-c47ccb62327c78c32aba-endpoint.azureedge.net\/blobseomagneti36f7f8a907\/wp-content\/uploads\/2023\/06\/Captura-de-pantalla-2023-06-28-a-las-18.57.37.png\" title=\"\" alt=\"seo_organico_seomagnetik.com\" loading=\"lazy\" \/>\t\t\t\t\t\t\t\t\t\t\t\t\t\t\t<\/div>\n\t\t\t\t<\/div>\n\t\t\t\t\t<\/div>\n\t\t<\/div>\n\t\t\t\t\t<\/div>\n\t\t<\/footer>\n\t\t\t\t<\/div>","protected":false},"excerpt":{"rendered":"<p>T\u00e9rminos y condiciones Condiciones de servicio y t\u00e9rminos legales de SEOMagnetik, una empresa de Dijit Labs T\u00c9RMINOS Y CONDICIONES DE SERVICIO 1. INTRODUCCI\u00d3N Estos T\u00e9rminos y Condiciones de Servicio (\u00abT\u00e9rminos\u00bb) rigen el uso de los servicios (\u00abServicios\u00bb) proporcionados por DIJIT LABS \u00d6U (\u00abla Empresa\u00bb), una empresa de responsabilidad limitada con n\u00famero de registro 16602801 y [&hellip;]<\/p>\n","protected":false},"author":1,"featured_media":0,"parent":0,"menu_order":0,"comment_status":"closed","ping_status":"closed","template":"","meta":{"footnotes":""},"class_list":["post-90","page","type-page","status-publish","hentry"],"_links":{"self":[{"href":"https:\/\/seomagnetik.com\/pt\/wp-json\/wp\/v2\/pages\/90","targetHints":{"allow":["GET"]}}],"collection":[{"href":"https:\/\/seomagnetik.com\/pt\/wp-json\/wp\/v2\/pages"}],"about":[{"href":"https:\/\/seomagnetik.com\/pt\/wp-json\/wp\/v2\/types\/page"}],"author":[{"embeddable":true,"href":"https:\/\/seomagnetik.com\/pt\/wp-json\/wp\/v2\/users\/1"}],"replies":[{"embeddable":true,"href":"https:\/\/seomagnetik.com\/pt\/wp-json\/wp\/v2\/comments?post=90"}],"version-history":[{"count":4,"href":"https:\/\/seomagnetik.com\/pt\/wp-json\/wp\/v2\/pages\/90\/revisions"}],"predecessor-version":[{"id":94,"href":"https:\/\/seomagnetik.com\/pt\/wp-json\/wp\/v2\/pages\/90\/revisions\/94"}],"wp:attachment":[{"href":"https:\/\/seomagnetik.com\/pt\/wp-json\/wp\/v2\/media?parent=90"}],"curies":[{"name":"wp","href":"https:\/\/api.w.org\/{rel}","templated":true}]}}