{"id":97,"date":"2023-09-04T17:16:54","date_gmt":"2023-09-04T17:16:54","guid":{"rendered":"https:\/\/seomagnetik.azurewebsites.net\/?page_id=97"},"modified":"2023-09-04T17:21:38","modified_gmt":"2023-09-04T17:21:38","slug":"politicas-de-privacidad","status":"publish","type":"page","link":"https:\/\/seomagnetik.com\/pl\/politicas-de-privacidad\/","title":{"rendered":"Pol\u00edticas de Privacidad"},"content":{"rendered":"<div data-elementor-type=\"wp-page\" data-elementor-id=\"97\" class=\"elementor elementor-97\">\n\t\t\t\t\t\t<section class=\"elementor-section elementor-top-section elementor-element elementor-element-2c5ad438 elementor-section-full_width elementor-section-height-default elementor-section-height-default\" data-id=\"2c5ad438\" data-element_type=\"section\" data-e-type=\"section\" id=\"next\" data-settings=\"{&quot;background_background&quot;:&quot;classic&quot;}\">\n\t\t\t\t\t\t<div class=\"elementor-container elementor-column-gap-no\">\n\t\t\t\t\t<div class=\"elementor-column elementor-col-100 elementor-top-column elementor-element elementor-element-d3d58ad\" data-id=\"d3d58ad\" data-element_type=\"column\" data-e-type=\"column\">\n\t\t\t<div class=\"elementor-widget-wrap elementor-element-populated\">\n\t\t\t\t\t\t<div class=\"elementor-element elementor-element-2b1f680b elementor-widget elementor-widget-heading\" data-id=\"2b1f680b\" data-element_type=\"widget\" data-e-type=\"widget\" data-widget_type=\"heading.default\">\n\t\t\t\t<div class=\"elementor-widget-container\">\n\t\t\t\t\t<h1 class=\"elementor-heading-title elementor-size-default\">Pol\u00edtica de Privacidad<\/h1>\t\t\t\t<\/div>\n\t\t\t\t<\/div>\n\t\t\t\t<div class=\"elementor-element elementor-element-75d976f3 elementor-widget elementor-widget-heading\" data-id=\"75d976f3\" data-element_type=\"widget\" data-e-type=\"widget\" data-widget_type=\"heading.default\">\n\t\t\t\t<div class=\"elementor-widget-container\">\n\t\t\t\t\t<p class=\"elementor-heading-title elementor-size-default\">Pol\u00edtica de Privacidad de SEOMagnetik, una empresa de Dijit Labs<\/p>\t\t\t\t<\/div>\n\t\t\t\t<\/div>\n\t\t\t\t<div class=\"elementor-element elementor-element-12aa353 elementor-widget elementor-widget-heading\" data-id=\"12aa353\" data-element_type=\"widget\" data-e-type=\"widget\" data-widget_type=\"heading.default\">\n\t\t\t\t<div class=\"elementor-widget-container\">\n\t\t\t\t\t<h2 class=\"elementor-heading-title elementor-size-default\">POL\u00cdTICA DE PRIVACIDAD<\/h2>\t\t\t\t<\/div>\n\t\t\t\t<\/div>\n\t\t\t\t<div class=\"elementor-element elementor-element-d109726 elementor-widget elementor-widget-heading\" data-id=\"d109726\" data-element_type=\"widget\" data-e-type=\"widget\" data-widget_type=\"heading.default\">\n\t\t\t\t<div class=\"elementor-widget-container\">\n\t\t\t\t\t<h3 class=\"elementor-heading-title elementor-size-default\">1. INTRODUCCI\u00d3N<\/h3>\t\t\t\t<\/div>\n\t\t\t\t<\/div>\n\t\t\t\t<div class=\"elementor-element elementor-element-58b04b8 elementor-widget elementor-widget-text-editor\" data-id=\"58b04b8\" data-element_type=\"widget\" data-e-type=\"widget\" data-widget_type=\"text-editor.default\">\n\t\t\t\t<div class=\"elementor-widget-container\">\n\t\t\t\t\t\t\t\t\t<p>DIJIT LABS \u00d6U (\u00abla Empresa\u00bb) respeta su privacidad y se compromete a protegerla a trav\u00e9s de nuestra conformidad con esta pol\u00edtica. Esta Pol\u00edtica de Privacidad describe c\u00f3mo recopilamos, usamos, protegemos y compartimos la informaci\u00f3n personal que obtenemos de usted o sobre usted cuando utiliza nuestros servicios.<\/p>\t\t\t\t\t\t\t\t<\/div>\n\t\t\t\t<\/div>\n\t\t\t\t<div class=\"elementor-element elementor-element-36908b8 elementor-widget elementor-widget-text-editor\" data-id=\"36908b8\" data-element_type=\"widget\" data-e-type=\"widget\" data-widget_type=\"text-editor.default\">\n\t\t\t\t<div class=\"elementor-widget-container\">\n\t\t\t\t\t\t\t\t\t<p>Esta Pol\u00edtica de Privacidad se rige por el Reglamento General de Protecci\u00f3n de Datos (GDPR) de la Uni\u00f3n Europea.<\/p>\t\t\t\t\t\t\t\t<\/div>\n\t\t\t\t<\/div>\n\t\t\t\t<div class=\"elementor-element elementor-element-5d792fc elementor-widget elementor-widget-heading\" data-id=\"5d792fc\" data-element_type=\"widget\" data-e-type=\"widget\" data-widget_type=\"heading.default\">\n\t\t\t\t<div class=\"elementor-widget-container\">\n\t\t\t\t\t<h3 class=\"elementor-heading-title elementor-size-default\">2. INFORMACI\u00d3N QUE RECOPILAMOS<\/h3>\t\t\t\t<\/div>\n\t\t\t\t<\/div>\n\t\t\t\t<div class=\"elementor-element elementor-element-56f11fb elementor-widget elementor-widget-text-editor\" data-id=\"56f11fb\" data-element_type=\"widget\" data-e-type=\"widget\" data-widget_type=\"text-editor.default\">\n\t\t\t\t<div class=\"elementor-widget-container\">\n\t\t\t\t\t\t\t\t\t<p>Podemos recopilar y procesar las siguientes categor\u00edas de informaci\u00f3n sobre usted:<br \/><br \/>a. Informaci\u00f3n que usted proporciona al utilizar nuestros servicios.<br \/>b. Informaci\u00f3n que recopilamos a trav\u00e9s de cookies y tecnolog\u00edas similares.<br \/>c. Informaci\u00f3n que recopilamos sobre su uso de nuestros servicios.<\/p>\t\t\t\t\t\t\t\t<\/div>\n\t\t\t\t<\/div>\n\t\t\t\t<div class=\"elementor-element elementor-element-1efcc51 elementor-widget elementor-widget-heading\" data-id=\"1efcc51\" data-element_type=\"widget\" data-e-type=\"widget\" data-widget_type=\"heading.default\">\n\t\t\t\t<div class=\"elementor-widget-container\">\n\t\t\t\t\t<h3 class=\"elementor-heading-title elementor-size-default\">3. C\u00d3MO USAMOS SU INFORMACI\u00d3N<\/h3>\t\t\t\t<\/div>\n\t\t\t\t<\/div>\n\t\t\t\t<div class=\"elementor-element elementor-element-e87dec7 elementor-widget elementor-widget-text-editor\" data-id=\"e87dec7\" data-element_type=\"widget\" data-e-type=\"widget\" data-widget_type=\"text-editor.default\">\n\t\t\t\t<div class=\"elementor-widget-container\">\n\t\t\t\t\t\t\t\t\t<p>Utilizamos la informaci\u00f3n que recopilamos sobre usted para proporcionar, mantener y mejorar nuestros servicios, para desarrollar nuevos servicios y para proteger a nuestra empresa y a nuestros usuarios.<\/p>\t\t\t\t\t\t\t\t<\/div>\n\t\t\t\t<\/div>\n\t\t\t\t<div class=\"elementor-element elementor-element-0665038 elementor-widget elementor-widget-heading\" data-id=\"0665038\" data-element_type=\"widget\" data-e-type=\"widget\" data-widget_type=\"heading.default\">\n\t\t\t\t<div class=\"elementor-widget-container\">\n\t\t\t\t\t<h3 class=\"elementor-heading-title elementor-size-default\">4. C\u00d3MO COMPARTIMOS SU INFORMACI\u00d3N<\/h3>\t\t\t\t<\/div>\n\t\t\t\t<\/div>\n\t\t\t\t<div class=\"elementor-element elementor-element-4ed9728 elementor-widget elementor-widget-text-editor\" data-id=\"4ed9728\" data-element_type=\"widget\" data-e-type=\"widget\" data-widget_type=\"text-editor.default\">\n\t\t\t\t<div class=\"elementor-widget-container\">\n\t\t\t\t\t\t\t\t\t<p>No compartimos su informaci\u00f3n personal con empresas, organizaciones y personas fuera de la Empresa, a menos que sea necesario para proporcionar nuestros servicios.<\/p>\t\t\t\t\t\t\t\t<\/div>\n\t\t\t\t<\/div>\n\t\t\t\t<div class=\"elementor-element elementor-element-b0f14b7 elementor-widget elementor-widget-heading\" data-id=\"b0f14b7\" data-element_type=\"widget\" data-e-type=\"widget\" data-widget_type=\"heading.default\">\n\t\t\t\t<div class=\"elementor-widget-container\">\n\t\t\t\t\t<h3 class=\"elementor-heading-title elementor-size-default\">5. SUS DERECHOS<\/h3>\t\t\t\t<\/div>\n\t\t\t\t<\/div>\n\t\t\t\t<div class=\"elementor-element elementor-element-922f31f elementor-widget elementor-widget-text-editor\" data-id=\"922f31f\" data-element_type=\"widget\" data-e-type=\"widget\" data-widget_type=\"text-editor.default\">\n\t\t\t\t<div class=\"elementor-widget-container\">\n\t\t\t\t\t\t\t\t\t<p>De acuerdo con el GDPR, usted tiene varios derechos en relaci\u00f3n con su informaci\u00f3n personal:<br \/><br \/>a. Derecho de acceso: Usted tiene derecho a solicitar una copia de la informaci\u00f3n personal que tenemos sobre usted.<br \/>b. Derecho de rectificaci\u00f3n: Usted tiene derecho a corregir los datos que tenemos sobre usted que son inexactos o incompletos.<br \/>c. Derecho a ser olvidado: En ciertas circunstancias, usted puede solicitar que los datos que tenemos sobre usted sean borrados de todos nuestros registros.<br \/>d. Derecho a la restricci\u00f3n del procesamiento: Usted tiene derecho a restringir la forma en que procesamos sus datos personales.<br \/>e. Derecho a la portabilidad: Usted tiene derecho a tener los datos que tenemos sobre usted transferidos a otra organizaci\u00f3n.<br \/>f. Derecho a objetar: Usted tiene derecho a objetar a ciertos tipos de procesamiento, como el marketing directo.<\/p>\t\t\t\t\t\t\t\t<\/div>\n\t\t\t\t<\/div>\n\t\t\t\t<div class=\"elementor-element elementor-element-83ca48c elementor-widget elementor-widget-heading\" data-id=\"83ca48c\" data-element_type=\"widget\" data-e-type=\"widget\" data-widget_type=\"heading.default\">\n\t\t\t\t<div class=\"elementor-widget-container\">\n\t\t\t\t\t<h3 class=\"elementor-heading-title elementor-size-default\">6. SEGURIDAD DE LA INFORMACI\u00d3N<\/h3>\t\t\t\t<\/div>\n\t\t\t\t<\/div>\n\t\t\t\t<div class=\"elementor-element elementor-element-beae839 elementor-widget elementor-widget-text-editor\" data-id=\"beae839\" data-element_type=\"widget\" data-e-type=\"widget\" data-widget_type=\"text-editor.default\">\n\t\t\t\t<div class=\"elementor-widget-container\">\n\t\t\t\t\t\t\t\t\t<p>Tomamos medidas de seguridad adecuadas para proteger contra el acceso no autorizado o la alteraci\u00f3n, divulgaci\u00f3n o destrucci\u00f3n no autorizada de datos.<\/p>\t\t\t\t\t\t\t\t<\/div>\n\t\t\t\t<\/div>\n\t\t\t\t<div class=\"elementor-element elementor-element-5f40f17 elementor-widget elementor-widget-heading\" data-id=\"5f40f17\" data-element_type=\"widget\" data-e-type=\"widget\" data-widget_type=\"heading.default\">\n\t\t\t\t<div class=\"elementor-widget-container\">\n\t\t\t\t\t<h3 class=\"elementor-heading-title elementor-size-default\">7. CAMBIOS A ESTA POL\u00cdTICA DE PRIVACIDAD<\/h3>\t\t\t\t<\/div>\n\t\t\t\t<\/div>\n\t\t\t\t<div class=\"elementor-element elementor-element-b24ff97 elementor-widget elementor-widget-text-editor\" data-id=\"b24ff97\" data-element_type=\"widget\" data-e-type=\"widget\" data-widget_type=\"text-editor.default\">\n\t\t\t\t<div class=\"elementor-widget-container\">\n\t\t\t\t\t\t\t\t\t<p>Podemos cambiar esta Pol\u00edtica de Privacidad de vez en cuando. Publicaremos cualquier cambio en esta p\u00e1gina.<\/p>\t\t\t\t\t\t\t\t<\/div>\n\t\t\t\t<\/div>\n\t\t\t\t<div class=\"elementor-element elementor-element-009be5e elementor-widget elementor-widget-heading\" data-id=\"009be5e\" data-element_type=\"widget\" data-e-type=\"widget\" data-widget_type=\"heading.default\">\n\t\t\t\t<div class=\"elementor-widget-container\">\n\t\t\t\t\t<h3 class=\"elementor-heading-title elementor-size-default\">8. CONTACTO<\/h3>\t\t\t\t<\/div>\n\t\t\t\t<\/div>\n\t\t\t\t<div class=\"elementor-element elementor-element-cdd003f elementor-widget elementor-widget-text-editor\" data-id=\"cdd003f\" data-element_type=\"widget\" data-e-type=\"widget\" data-widget_type=\"text-editor.default\">\n\t\t\t\t<div class=\"elementor-widget-container\">\n\t\t\t\t\t\t\t\t\t<p>Si tiene alguna pregunta sobre estos T\u00e9rminos, por favor cont\u00e1ctenos en legal@dijit.app.<\/p><p>Al utilizar nuestros Servicios, usted reconoce que ha le\u00eddo y comprendido esta Pol\u00edtica de Privacidad y acepta sus t\u00e9rminos<\/p>\t\t\t\t\t\t\t\t<\/div>\n\t\t\t\t<\/div>\n\t\t\t\t<div class=\"elementor-element elementor-element-d17a339 elementor-widget elementor-widget-heading\" data-id=\"d17a339\" data-element_type=\"widget\" data-e-type=\"widget\" data-widget_type=\"heading.default\">\n\t\t\t\t<div class=\"elementor-widget-container\">\n\t\t\t\t\t<h3 class=\"elementor-heading-title elementor-size-default\">9. VARIOS<\/h3>\t\t\t\t<\/div>\n\t\t\t\t<\/div>\n\t\t\t\t<div class=\"elementor-element elementor-element-2a2d483 elementor-widget elementor-widget-text-editor\" data-id=\"2a2d483\" data-element_type=\"widget\" data-e-type=\"widget\" data-widget_type=\"text-editor.default\">\n\t\t\t\t<div class=\"elementor-widget-container\">\n\t\t\t\t\t\t\t\t\t<p>Estos T\u00e9rminos constituyen el acuerdo completo entre usted y DIJIT LABS \u00d6U y rigen su uso de los Servicios, reemplazando cualquier acuerdo anterior entre usted y DIJIT LABS \u00d6U. Si alguna parte de estos T\u00e9rminos se considera inv\u00e1lida o inaplicable, esa parte se interpretar\u00e1 de manera coherente con la ley aplicable para reflejar, en la medida de lo posible, las intenciones originales de las partes, y las partes restantes permanecer\u00e1n en pleno vigor y efecto.<\/p>\t\t\t\t\t\t\t\t<\/div>\n\t\t\t\t<\/div>\n\t\t\t\t<div class=\"elementor-element elementor-element-a119c14 elementor-widget elementor-widget-text-editor\" data-id=\"a119c14\" data-element_type=\"widget\" data-e-type=\"widget\" data-widget_type=\"text-editor.default\">\n\t\t\t\t<div class=\"elementor-widget-container\">\n\t\t\t\t\t\t\t\t\t<p>Fecha de \u00faltima actualizaci\u00f3n: 01 de Julio del 2023<\/p>\t\t\t\t\t\t\t\t<\/div>\n\t\t\t\t<\/div>\n\t\t\t\t<div class=\"elementor-element elementor-element-3d0ece5 elementor-widget elementor-widget-text-editor\" data-id=\"3d0ece5\" data-element_type=\"widget\" data-e-type=\"widget\" data-widget_type=\"text-editor.default\">\n\t\t\t\t<div class=\"elementor-widget-container\">\n\t\t\t\t\t\t\t\t\t<div id=\"chatGptChatRegion\" class=\"ms-StackItem css-365\" role=\"region\" aria-label=\"Chat area\"><div class=\"container-366\" data-is-scrollable=\"true\"><div class=\"ms-List\" role=\"list\"><div class=\"ms-List-surface\" role=\"presentation\"><div class=\"ms-List-page\" role=\"presentation\"><div class=\"ms-List-cell\" role=\"listitem\" data-list-index=\"7\" data-automationid=\"ListCell\"><div class=\"ms-Stack container-446\" data-is-focusable=\"true\"><div class=\"ms-Stack ai-456\" aria-atomic=\"true\"><div class=\"ms-StackItem content-449\"><div><div class=\"bubbleContent-441\"><div><p>Por favor, no dude en ponerse en contacto con nosotros a legal@dijit.app si tiene alguna pregunta sobre esta Pol\u00edtica de Privacidad<\/p><\/div><\/div><\/div><\/div><\/div><\/div><\/div><\/div><\/div><\/div><\/div><\/div>\t\t\t\t\t\t\t\t<\/div>\n\t\t\t\t<\/div>\n\t\t\t\t\t<\/div>\n\t\t<\/div>\n\t\t\t\t\t<\/div>\n\t\t<\/section>\n\t\t\t\t<footer class=\"elementor-section elementor-top-section elementor-element elementor-element-7d9bf1c4 elementor-section-full_width elementor-section-content-middle elementor-section-height-default elementor-section-height-default\" data-id=\"7d9bf1c4\" data-element_type=\"section\" data-e-type=\"section\" data-settings=\"{&quot;background_background&quot;:&quot;classic&quot;}\">\n\t\t\t\t\t\t<div class=\"elementor-container elementor-column-gap-no\">\n\t\t\t\t\t<div class=\"elementor-column elementor-col-25 elementor-top-column elementor-element elementor-element-2dc7b27b\" data-id=\"2dc7b27b\" data-element_type=\"column\" data-e-type=\"column\">\n\t\t\t<div class=\"elementor-widget-wrap elementor-element-populated\">\n\t\t\t\t\t\t<div class=\"elementor-element elementor-element-6740c260 elementor-widget elementor-widget-image\" data-id=\"6740c260\" data-element_type=\"widget\" data-e-type=\"widget\" data-widget_type=\"image.default\">\n\t\t\t\t<div class=\"elementor-widget-container\">\n\t\t\t\t\t\t\t\t\t\t\t\t\t\t\t<img decoding=\"async\" src=\"https:\/\/seomagneti-c47ccb62327c78c32aba-endpoint.azureedge.net\/blobseomagneti36f7f8a907\/wp-content\/uploads\/2023\/06\/Captura-de-pantalla-2023-06-28-a-las-18.55.51.png\" title=\"\" alt=\"seo_organico_seomagnetik.com\" loading=\"lazy\" \/>\t\t\t\t\t\t\t\t\t\t\t\t\t\t\t<\/div>\n\t\t\t\t<\/div>\n\t\t\t\t\t<\/div>\n\t\t<\/div>\n\t\t\t\t<div class=\"elementor-column elementor-col-50 elementor-top-column elementor-element elementor-element-75859727\" data-id=\"75859727\" data-element_type=\"column\" data-e-type=\"column\">\n\t\t\t<div class=\"elementor-widget-wrap elementor-element-populated\">\n\t\t\t\t\t\t<div class=\"elementor-element elementor-element-65f1804f elementor-icon-list--layout-inline elementor-tablet-align-center elementor-align-center elementor-list-item-link-full_width elementor-widget elementor-widget-icon-list\" data-id=\"65f1804f\" data-element_type=\"widget\" data-e-type=\"widget\" data-widget_type=\"icon-list.default\">\n\t\t\t\t<div class=\"elementor-widget-container\">\n\t\t\t\t\t\t\t<ul class=\"elementor-icon-list-items elementor-inline-items\">\n\t\t\t\t\t\t\t<li class=\"elementor-icon-list-item elementor-inline-item\">\n\t\t\t\t\t\t\t\t\t\t<span class=\"elementor-icon-list-text\">+34-650585085<\/span>\n\t\t\t\t\t\t\t\t\t<\/li>\n\t\t\t\t\t\t\t\t<li class=\"elementor-icon-list-item elementor-inline-item\">\n\t\t\t\t\t\t\t\t\t\t<span class=\"elementor-icon-list-text\">Calle Ponzano 39, 28003, Madrid<\/span>\n\t\t\t\t\t\t\t\t\t<\/li>\n\t\t\t\t\t\t\t\t<li class=\"elementor-icon-list-item elementor-inline-item\">\n\t\t\t\t\t\t\t\t\t\t<span class=\"elementor-icon-list-text\">Lun-Vie 9:00 - 19:00<\/span>\n\t\t\t\t\t\t\t\t\t<\/li>\n\t\t\t\t\t\t<\/ul>\n\t\t\t\t\t\t<\/div>\n\t\t\t\t<\/div>\n\t\t\t\t\t<\/div>\n\t\t<\/div>\n\t\t\t\t<div class=\"elementor-column elementor-col-25 elementor-top-column elementor-element elementor-element-73078707\" data-id=\"73078707\" data-element_type=\"column\" data-e-type=\"column\">\n\t\t\t<div class=\"elementor-widget-wrap elementor-element-populated\">\n\t\t\t\t\t\t<div class=\"elementor-element elementor-element-4b79375 elementor-widget elementor-widget-image\" data-id=\"4b79375\" data-element_type=\"widget\" data-e-type=\"widget\" data-widget_type=\"image.default\">\n\t\t\t\t<div class=\"elementor-widget-container\">\n\t\t\t\t\t\t\t\t\t\t\t\t\t\t\t<img decoding=\"async\" src=\"https:\/\/seomagneti-c47ccb62327c78c32aba-endpoint.azureedge.net\/blobseomagneti36f7f8a907\/wp-content\/uploads\/2023\/06\/Captura-de-pantalla-2023-06-28-a-las-18.57.37.png\" title=\"\" alt=\"seo_organico_seomagnetik.com\" loading=\"lazy\" \/>\t\t\t\t\t\t\t\t\t\t\t\t\t\t\t<\/div>\n\t\t\t\t<\/div>\n\t\t\t\t\t<\/div>\n\t\t<\/div>\n\t\t\t\t\t<\/div>\n\t\t<\/footer>\n\t\t\t\t<\/div>","protected":false},"excerpt":{"rendered":"<p>Pol\u00edtica de Privacidad Pol\u00edtica de Privacidad de SEOMagnetik, una empresa de Dijit Labs POL\u00cdTICA DE PRIVACIDAD 1. INTRODUCCI\u00d3N DIJIT LABS \u00d6U (\u00abla Empresa\u00bb) respeta su privacidad y se compromete a protegerla a trav\u00e9s de nuestra conformidad con esta pol\u00edtica. Esta Pol\u00edtica de Privacidad describe c\u00f3mo recopilamos, usamos, protegemos y compartimos la informaci\u00f3n personal que obtenemos [&hellip;]<\/p>\n","protected":false},"author":1,"featured_media":0,"parent":0,"menu_order":0,"comment_status":"closed","ping_status":"closed","template":"","meta":{"footnotes":""},"class_list":["post-97","page","type-page","status-publish","hentry"],"_links":{"self":[{"href":"https:\/\/seomagnetik.com\/pl\/wp-json\/wp\/v2\/pages\/97","targetHints":{"allow":["GET"]}}],"collection":[{"href":"https:\/\/seomagnetik.com\/pl\/wp-json\/wp\/v2\/pages"}],"about":[{"href":"https:\/\/seomagnetik.com\/pl\/wp-json\/wp\/v2\/types\/page"}],"author":[{"embeddable":true,"href":"https:\/\/seomagnetik.com\/pl\/wp-json\/wp\/v2\/users\/1"}],"replies":[{"embeddable":true,"href":"https:\/\/seomagnetik.com\/pl\/wp-json\/wp\/v2\/comments?post=97"}],"version-history":[{"count":4,"href":"https:\/\/seomagnetik.com\/pl\/wp-json\/wp\/v2\/pages\/97\/revisions"}],"predecessor-version":[{"id":101,"href":"https:\/\/seomagnetik.com\/pl\/wp-json\/wp\/v2\/pages\/97\/revisions\/101"}],"wp:attachment":[{"href":"https:\/\/seomagnetik.com\/pl\/wp-json\/wp\/v2\/media?parent=97"}],"curies":[{"name":"wp","href":"https:\/\/api.w.org\/{rel}","templated":true}]}}