{"id":104,"date":"2023-09-04T17:24:19","date_gmt":"2023-09-04T17:24:19","guid":{"rendered":"https:\/\/seomagnetik.azurewebsites.net\/?page_id=104"},"modified":"2023-09-04T17:28:20","modified_gmt":"2023-09-04T17:28:20","slug":"aviso-legal","status":"publish","type":"page","link":"https:\/\/seomagnetik.com\/pl\/aviso-legal\/","title":{"rendered":"Aviso Legal"},"content":{"rendered":"\t\t<div data-elementor-type=\"wp-page\" data-elementor-id=\"104\" class=\"elementor elementor-104\">\n\t\t\t\t\t\t<section class=\"elementor-section elementor-top-section elementor-element elementor-element-2c5ad438 elementor-section-full_width elementor-section-height-default elementor-section-height-default\" data-id=\"2c5ad438\" data-element_type=\"section\" data-e-type=\"section\" id=\"next\" data-settings=\"{&quot;background_background&quot;:&quot;classic&quot;}\">\n\t\t\t\t\t\t<div class=\"elementor-container elementor-column-gap-no\">\n\t\t\t\t\t<div class=\"elementor-column elementor-col-100 elementor-top-column elementor-element elementor-element-d3d58ad\" data-id=\"d3d58ad\" data-element_type=\"column\" data-e-type=\"column\">\n\t\t\t<div class=\"elementor-widget-wrap elementor-element-populated\">\n\t\t\t\t\t\t<div class=\"elementor-element elementor-element-2b1f680b elementor-widget elementor-widget-heading\" data-id=\"2b1f680b\" data-element_type=\"widget\" data-e-type=\"widget\" data-widget_type=\"heading.default\">\n\t\t\t\t<div class=\"elementor-widget-container\">\n\t\t\t\t\t<h1 class=\"elementor-heading-title elementor-size-default\">AVISO LEGAL<\/h1>\t\t\t\t<\/div>\n\t\t\t\t<\/div>\n\t\t\t\t<div class=\"elementor-element elementor-element-75d976f3 elementor-widget elementor-widget-heading\" data-id=\"75d976f3\" data-element_type=\"widget\" data-e-type=\"widget\" data-widget_type=\"heading.default\">\n\t\t\t\t<div class=\"elementor-widget-container\">\n\t\t\t\t\t<p class=\"elementor-heading-title elementor-size-default\">Aviso Legal de SEOMagnetik, una empresa de Dijit Labs<\/p>\t\t\t\t<\/div>\n\t\t\t\t<\/div>\n\t\t\t\t<div class=\"elementor-element elementor-element-12aa353 elementor-widget elementor-widget-heading\" data-id=\"12aa353\" data-element_type=\"widget\" data-e-type=\"widget\" data-widget_type=\"heading.default\">\n\t\t\t\t<div class=\"elementor-widget-container\">\n\t\t\t\t\t<h2 class=\"elementor-heading-title elementor-size-default\">AVISO LEGAL<\/h2>\t\t\t\t<\/div>\n\t\t\t\t<\/div>\n\t\t\t\t<div class=\"elementor-element elementor-element-d109726 elementor-widget elementor-widget-heading\" data-id=\"d109726\" data-element_type=\"widget\" data-e-type=\"widget\" data-widget_type=\"heading.default\">\n\t\t\t\t<div class=\"elementor-widget-container\">\n\t\t\t\t\t<h3 class=\"elementor-heading-title elementor-size-default\">1. IDENTIFICACI\u00d3N<\/h3>\t\t\t\t<\/div>\n\t\t\t\t<\/div>\n\t\t\t\t<div class=\"elementor-element elementor-element-58b04b8 elementor-widget elementor-widget-text-editor\" data-id=\"58b04b8\" data-element_type=\"widget\" data-e-type=\"widget\" data-widget_type=\"text-editor.default\">\n\t\t\t\t<div class=\"elementor-widget-container\">\n\t\t\t\t\t\t\t\t\t<p>Este sitio web (<a href=\"http:\/\/www.seomagnetik.com\/\">www.seomagnetik.com<\/a>) es propiedad de DIJIT LABS \u00d6U, una empresa de responsabilidad limitada con n\u00famero de registro 16602801 y n\u00famero de IVA EE102603648, con domicilio en Harju maakond, Tallinn, Lasnam\u00e4e linnaosa, Sepapaja tn 6, 15551. Puede contactarnos en\u00a0<a href=\"mailto:legal@dijit.app\">legal@dijit.app<\/a>.<\/p>\t\t\t\t\t\t\t\t<\/div>\n\t\t\t\t<\/div>\n\t\t\t\t<div class=\"elementor-element elementor-element-36908b8 elementor-widget elementor-widget-text-editor\" data-id=\"36908b8\" data-element_type=\"widget\" data-e-type=\"widget\" data-widget_type=\"text-editor.default\">\n\t\t\t\t<div class=\"elementor-widget-container\">\n\t\t\t\t\t\t\t\t\t<p>Al contratar nuestros Servicios, usted acepta y se compromete a cumplir con los <a href=\"https:\/\/seomagnetik.azurewebsites.net\/terminos-y-condiciones\/\" target=\"_blank\" rel=\"noopener\">T\u00e9rminos y Condiciones de Servicio<\/a>. Si no est\u00e1 de acuerdo con estos T\u00e9rminos, no debe utilizar nuestros Servicios.<\/p>\t\t\t\t\t\t\t\t<\/div>\n\t\t\t\t<\/div>\n\t\t\t\t<div class=\"elementor-element elementor-element-5d792fc elementor-widget elementor-widget-heading\" data-id=\"5d792fc\" data-element_type=\"widget\" data-e-type=\"widget\" data-widget_type=\"heading.default\">\n\t\t\t\t<div class=\"elementor-widget-container\">\n\t\t\t\t\t<h3 class=\"elementor-heading-title elementor-size-default\">2. USO DEL SITIO WEB\n<\/h3>\t\t\t\t<\/div>\n\t\t\t\t<\/div>\n\t\t\t\t<div class=\"elementor-element elementor-element-56f11fb elementor-widget elementor-widget-text-editor\" data-id=\"56f11fb\" data-element_type=\"widget\" data-e-type=\"widget\" data-widget_type=\"text-editor.default\">\n\t\t\t\t<div class=\"elementor-widget-container\">\n\t\t\t\t\t\t\t\t\t<p>Al acceder a este sitio web, usted acepta cumplir con estos t\u00e9rminos y todas las leyes y regulaciones aplicables. Si no est\u00e1 de acuerdo con estos t\u00e9rminos, no debe utilizar este sitio web. Los materiales contenidos en este sitio web est\u00e1n protegidos por las leyes de derechos de autor y marcas comerciales aplicables.<\/p>\t\t\t\t\t\t\t\t<\/div>\n\t\t\t\t<\/div>\n\t\t\t\t<div class=\"elementor-element elementor-element-1efcc51 elementor-widget elementor-widget-heading\" data-id=\"1efcc51\" data-element_type=\"widget\" data-e-type=\"widget\" data-widget_type=\"heading.default\">\n\t\t\t\t<div class=\"elementor-widget-container\">\n\t\t\t\t\t<h3 class=\"elementor-heading-title elementor-size-default\">3. EXENCI\u00d3N DE RESPONSABILIDAD<\/h3>\t\t\t\t<\/div>\n\t\t\t\t<\/div>\n\t\t\t\t<div class=\"elementor-element elementor-element-e87dec7 elementor-widget elementor-widget-text-editor\" data-id=\"e87dec7\" data-element_type=\"widget\" data-e-type=\"widget\" data-widget_type=\"text-editor.default\">\n\t\t\t\t<div class=\"elementor-widget-container\">\n\t\t\t\t\t\t\t\t\t<p>Los materiales en el sitio web de DIJIT LABS \u00d6U se proporcionan \u00abtal cual\u00bb. DIJIT LABS \u00d6U no ofrece garant\u00edas, expresas o impl\u00edcitas, y por la presente renuncia y niega todas las dem\u00e1s garant\u00edas, incluyendo sin limitaci\u00f3n, las garant\u00edas impl\u00edcitas o condiciones de comerciabilidad, idoneidad para un prop\u00f3sito particular, o no infracci\u00f3n de la propiedad intelectual o cualquier otra violaci\u00f3n de derechos.<\/p>\t\t\t\t\t\t\t\t<\/div>\n\t\t\t\t<\/div>\n\t\t\t\t<div class=\"elementor-element elementor-element-0665038 elementor-widget elementor-widget-heading\" data-id=\"0665038\" data-element_type=\"widget\" data-e-type=\"widget\" data-widget_type=\"heading.default\">\n\t\t\t\t<div class=\"elementor-widget-container\">\n\t\t\t\t\t<h3 class=\"elementor-heading-title elementor-size-default\">4. LIMITACIONES<\/h3>\t\t\t\t<\/div>\n\t\t\t\t<\/div>\n\t\t\t\t<div class=\"elementor-element elementor-element-4ed9728 elementor-widget elementor-widget-text-editor\" data-id=\"4ed9728\" data-element_type=\"widget\" data-e-type=\"widget\" data-widget_type=\"text-editor.default\">\n\t\t\t\t<div class=\"elementor-widget-container\">\n\t\t\t\t\t\t\t\t\t<p>En ning\u00fan caso DIJIT LABS \u00d6U o sus proveedores ser\u00e1n responsables de cualquier da\u00f1o (incluyendo, sin limitaci\u00f3n, da\u00f1os por p\u00e9rdida de datos o beneficios, o debido a interrupciones de negocios) que surjan del uso o la incapacidad de usar los materiales en el sitio web de DIJIT LABS \u00d6U.<\/p>\t\t\t\t\t\t\t\t<\/div>\n\t\t\t\t<\/div>\n\t\t\t\t<div class=\"elementor-element elementor-element-b0f14b7 elementor-widget elementor-widget-heading\" data-id=\"b0f14b7\" data-element_type=\"widget\" data-e-type=\"widget\" data-widget_type=\"heading.default\">\n\t\t\t\t<div class=\"elementor-widget-container\">\n\t\t\t\t\t<h3 class=\"elementor-heading-title elementor-size-default\">5. REVISIONES Y ERRORES<\/h3>\t\t\t\t<\/div>\n\t\t\t\t<\/div>\n\t\t\t\t<div class=\"elementor-element elementor-element-922f31f elementor-widget elementor-widget-text-editor\" data-id=\"922f31f\" data-element_type=\"widget\" data-e-type=\"widget\" data-widget_type=\"text-editor.default\">\n\t\t\t\t<div class=\"elementor-widget-container\">\n\t\t\t\t\t\t\t\t\t<p>Los materiales que aparecen en el sitio web de DIJIT LABS \u00d6U podr\u00edan incluir errores t\u00e9cnicos, tipogr\u00e1ficos o fotogr\u00e1ficos. DIJIT LABS \u00d6U no garantiza que ninguno de los materiales en su sitio web sea preciso, completo o actual. DIJIT LABS \u00d6U puede hacer cambios en los materiales contenidos en su sitio web en cualquier momento sin previo aviso.<\/p>\t\t\t\t\t\t\t\t<\/div>\n\t\t\t\t<\/div>\n\t\t\t\t<div class=\"elementor-element elementor-element-83ca48c elementor-widget elementor-widget-heading\" data-id=\"83ca48c\" data-element_type=\"widget\" data-e-type=\"widget\" data-widget_type=\"heading.default\">\n\t\t\t\t<div class=\"elementor-widget-container\">\n\t\t\t\t\t<h3 class=\"elementor-heading-title elementor-size-default\">6. ENLACES<\/h3>\t\t\t\t<\/div>\n\t\t\t\t<\/div>\n\t\t\t\t<div class=\"elementor-element elementor-element-b24ff97 elementor-widget elementor-widget-text-editor\" data-id=\"b24ff97\" data-element_type=\"widget\" data-e-type=\"widget\" data-widget_type=\"text-editor.default\">\n\t\t\t\t<div class=\"elementor-widget-container\">\n\t\t\t\t\t\t\t\t\t<p>DIJIT LABS \u00d6U no ha revisado todos los sitios enlazados a su sitio web y no es responsable del contenido de ning\u00fan sitio enlazado. El uso de cualquier sitio enlazado es bajo el propio riesgo del usuario.<\/p>\t\t\t\t\t\t\t\t<\/div>\n\t\t\t\t<\/div>\n\t\t\t\t<div class=\"elementor-element elementor-element-5f40f17 elementor-widget elementor-widget-heading\" data-id=\"5f40f17\" data-element_type=\"widget\" data-e-type=\"widget\" data-widget_type=\"heading.default\">\n\t\t\t\t<div class=\"elementor-widget-container\">\n\t\t\t\t\t<h3 class=\"elementor-heading-title elementor-size-default\">7. MODIFICACIONES<\/h3>\t\t\t\t<\/div>\n\t\t\t\t<\/div>\n\t\t\t\t<div class=\"elementor-element elementor-element-4e55a97 elementor-widget elementor-widget-text-editor\" data-id=\"4e55a97\" data-element_type=\"widget\" data-e-type=\"widget\" data-widget_type=\"text-editor.default\">\n\t\t\t\t<div class=\"elementor-widget-container\">\n\t\t\t\t\t\t\t\t\t<p>DIJIT LABS \u00d6U puede revisar estos t\u00e9rminos de uso para su sitio web en cualquier momento sin previo aviso. Al utilizar este sitio web, usted acepta estar sujeto a la versi\u00f3n actual de estos <a href=\"https:\/\/seomagnetik.azurewebsites.net\/terminos-y-condiciones\/\" target=\"_blank\" rel=\"noopener\">T\u00e9rminos y Condiciones de Uso<\/a>.<\/p>\t\t\t\t\t\t\t\t<\/div>\n\t\t\t\t<\/div>\n\t\t\t\t<div class=\"elementor-element elementor-element-009be5e elementor-widget elementor-widget-heading\" data-id=\"009be5e\" data-element_type=\"widget\" data-e-type=\"widget\" data-widget_type=\"heading.default\">\n\t\t\t\t<div class=\"elementor-widget-container\">\n\t\t\t\t\t<h3 class=\"elementor-heading-title elementor-size-default\">8. LEY APLICABLE<\/h3>\t\t\t\t<\/div>\n\t\t\t\t<\/div>\n\t\t\t\t<div class=\"elementor-element elementor-element-cdd003f elementor-widget elementor-widget-text-editor\" data-id=\"cdd003f\" data-element_type=\"widget\" data-e-type=\"widget\" data-widget_type=\"text-editor.default\">\n\t\t\t\t<div class=\"elementor-widget-container\">\n\t\t\t\t\t\t\t\t\t<div id=\"chatGptChatRegion\" class=\"ms-StackItem css-365\" role=\"region\" aria-label=\"Chat area\"><div class=\"container-366\" data-is-scrollable=\"true\"><div class=\"ms-List\" role=\"list\"><div class=\"ms-List-surface\" role=\"presentation\"><div class=\"ms-List-page\" role=\"presentation\"><div class=\"ms-List-cell\" role=\"listitem\" data-list-index=\"11\" data-automationid=\"ListCell\"><div class=\"ms-Stack container-446\" data-is-focusable=\"true\"><div class=\"ms-Stack ai-456\" aria-atomic=\"true\"><div class=\"ms-StackItem content-449\"><div><div class=\"bubbleContent-441\"><div><p>Cualquier reclamaci\u00f3n relacionada con el sitio web de DIJIT LABS \u00d6U se regir\u00e1 por las leyes de Estonia sin tener en cuenta su conflicto de disposiciones legales.<br \/><br \/>Fecha de \u00faltima actualizaci\u00f3n: [Fecha]<br \/><br \/>Si tiene alguna pregunta sobre este Aviso Legal, por favor cont\u00e1ctenos en\u00a0<a href=\"mailto:legal@dijit.app\">legal@dijit.app<\/a>.<\/p><\/div><\/div><\/div><\/div><\/div><\/div><\/div><\/div><\/div><\/div><\/div><\/div>\t\t\t\t\t\t\t\t<\/div>\n\t\t\t\t<\/div>\n\t\t\t\t\t<\/div>\n\t\t<\/div>\n\t\t\t\t\t<\/div>\n\t\t<\/section>\n\t\t\t\t<footer class=\"elementor-section elementor-top-section elementor-element elementor-element-7d9bf1c4 elementor-section-full_width elementor-section-content-middle elementor-section-height-default elementor-section-height-default\" data-id=\"7d9bf1c4\" data-element_type=\"section\" data-e-type=\"section\" data-settings=\"{&quot;background_background&quot;:&quot;classic&quot;}\">\n\t\t\t\t\t\t<div class=\"elementor-container elementor-column-gap-no\">\n\t\t\t\t\t<div class=\"elementor-column elementor-col-25 elementor-top-column elementor-element elementor-element-2dc7b27b\" data-id=\"2dc7b27b\" data-element_type=\"column\" data-e-type=\"column\">\n\t\t\t<div class=\"elementor-widget-wrap elementor-element-populated\">\n\t\t\t\t\t\t<div class=\"elementor-element elementor-element-6740c260 elementor-widget elementor-widget-image\" data-id=\"6740c260\" data-element_type=\"widget\" data-e-type=\"widget\" data-widget_type=\"image.default\">\n\t\t\t\t<div class=\"elementor-widget-container\">\n\t\t\t\t\t\t\t\t\t\t\t\t\t\t\t<img decoding=\"async\" src=\"https:\/\/seomagneti-c47ccb62327c78c32aba-endpoint.azureedge.net\/blobseomagneti36f7f8a907\/wp-content\/uploads\/2023\/06\/Captura-de-pantalla-2023-06-28-a-las-18.55.51.png\" title=\"\" alt=\"seo_organico_seomagnetik.com\" loading=\"lazy\" \/>\t\t\t\t\t\t\t\t\t\t\t\t\t\t\t<\/div>\n\t\t\t\t<\/div>\n\t\t\t\t\t<\/div>\n\t\t<\/div>\n\t\t\t\t<div class=\"elementor-column elementor-col-50 elementor-top-column elementor-element elementor-element-75859727\" data-id=\"75859727\" data-element_type=\"column\" data-e-type=\"column\">\n\t\t\t<div class=\"elementor-widget-wrap elementor-element-populated\">\n\t\t\t\t\t\t<div class=\"elementor-element elementor-element-65f1804f elementor-icon-list--layout-inline elementor-tablet-align-center elementor-align-center elementor-list-item-link-full_width elementor-widget elementor-widget-icon-list\" data-id=\"65f1804f\" data-element_type=\"widget\" data-e-type=\"widget\" data-widget_type=\"icon-list.default\">\n\t\t\t\t<div class=\"elementor-widget-container\">\n\t\t\t\t\t\t\t<ul class=\"elementor-icon-list-items elementor-inline-items\">\n\t\t\t\t\t\t\t<li class=\"elementor-icon-list-item elementor-inline-item\">\n\t\t\t\t\t\t\t\t\t\t<span class=\"elementor-icon-list-text\">+34-650585085<\/span>\n\t\t\t\t\t\t\t\t\t<\/li>\n\t\t\t\t\t\t\t\t<li class=\"elementor-icon-list-item elementor-inline-item\">\n\t\t\t\t\t\t\t\t\t\t<span class=\"elementor-icon-list-text\">Calle Ponzano 39, 28003, Madrid<\/span>\n\t\t\t\t\t\t\t\t\t<\/li>\n\t\t\t\t\t\t\t\t<li class=\"elementor-icon-list-item elementor-inline-item\">\n\t\t\t\t\t\t\t\t\t\t<span class=\"elementor-icon-list-text\">Lun-Vie 9:00 - 19:00<\/span>\n\t\t\t\t\t\t\t\t\t<\/li>\n\t\t\t\t\t\t<\/ul>\n\t\t\t\t\t\t<\/div>\n\t\t\t\t<\/div>\n\t\t\t\t\t<\/div>\n\t\t<\/div>\n\t\t\t\t<div class=\"elementor-column elementor-col-25 elementor-top-column elementor-element elementor-element-73078707\" data-id=\"73078707\" data-element_type=\"column\" data-e-type=\"column\">\n\t\t\t<div class=\"elementor-widget-wrap elementor-element-populated\">\n\t\t\t\t\t\t<div class=\"elementor-element elementor-element-4b79375 elementor-widget elementor-widget-image\" data-id=\"4b79375\" data-element_type=\"widget\" data-e-type=\"widget\" data-widget_type=\"image.default\">\n\t\t\t\t<div class=\"elementor-widget-container\">\n\t\t\t\t\t\t\t\t\t\t\t\t\t\t\t<img decoding=\"async\" src=\"https:\/\/seomagneti-c47ccb62327c78c32aba-endpoint.azureedge.net\/blobseomagneti36f7f8a907\/wp-content\/uploads\/2023\/06\/Captura-de-pantalla-2023-06-28-a-las-18.57.37.png\" title=\"\" alt=\"seo_organico_seomagnetik.com\" loading=\"lazy\" \/>\t\t\t\t\t\t\t\t\t\t\t\t\t\t\t<\/div>\n\t\t\t\t<\/div>\n\t\t\t\t\t<\/div>\n\t\t<\/div>\n\t\t\t\t\t<\/div>\n\t\t<\/footer>\n\t\t\t\t<\/div>\n\t\t","protected":false},"excerpt":{"rendered":"<p>AVISO LEGAL Aviso Legal de SEOMagnetik, una empresa de Dijit Labs AVISO LEGAL 1. IDENTIFICACI\u00d3N Este sitio web (www.seomagnetik.com) es propiedad de DIJIT LABS \u00d6U, una empresa de responsabilidad limitada con n\u00famero de registro 16602801 y n\u00famero de IVA EE102603648, con domicilio en Harju maakond, Tallinn, Lasnam\u00e4e linnaosa, Sepapaja tn 6, 15551. Puede contactarnos en\u00a0legal@dijit.app. [&hellip;]<\/p>\n","protected":false},"author":1,"featured_media":0,"parent":0,"menu_order":0,"comment_status":"closed","ping_status":"closed","template":"","meta":{"footnotes":""},"class_list":["post-104","page","type-page","status-publish","hentry"],"_links":{"self":[{"href":"https:\/\/seomagnetik.com\/pl\/wp-json\/wp\/v2\/pages\/104","targetHints":{"allow":["GET"]}}],"collection":[{"href":"https:\/\/seomagnetik.com\/pl\/wp-json\/wp\/v2\/pages"}],"about":[{"href":"https:\/\/seomagnetik.com\/pl\/wp-json\/wp\/v2\/types\/page"}],"author":[{"embeddable":true,"href":"https:\/\/seomagnetik.com\/pl\/wp-json\/wp\/v2\/users\/1"}],"replies":[{"embeddable":true,"href":"https:\/\/seomagnetik.com\/pl\/wp-json\/wp\/v2\/comments?post=104"}],"version-history":[{"count":4,"href":"https:\/\/seomagnetik.com\/pl\/wp-json\/wp\/v2\/pages\/104\/revisions"}],"predecessor-version":[{"id":108,"href":"https:\/\/seomagnetik.com\/pl\/wp-json\/wp\/v2\/pages\/104\/revisions\/108"}],"wp:attachment":[{"href":"https:\/\/seomagnetik.com\/pl\/wp-json\/wp\/v2\/media?parent=104"}],"curies":[{"name":"wp","href":"https:\/\/api.w.org\/{rel}","templated":true}]}}